{"id":569,"date":"2022-01-16T13:54:28","date_gmt":"2022-01-16T12:54:28","guid":{"rendered":"http:\/\/lesnatc.cluster031.hosting.ovh.net\/?page_id=569"},"modified":"2023-09-15T08:58:38","modified_gmt":"2023-09-15T06:58:38","slug":"bibliotheque-conferences-et-activites-thematiques","status":"publish","type":"page","link":"https:\/\/lesnaturalistesdecharleroi.be\/index.php\/activites\/bibliotheque-conferences-et-activites-thematiques\/","title":{"rendered":"Biblioth\u00e8que, conf\u00e9rences et activit\u00e9s th\u00e9matiques"},"content":{"rendered":"\t\t<div data-elementor-type=\"wp-page\" data-elementor-id=\"569\" class=\"elementor elementor-569\">\n\t\t\t\t\t\t\t\t\t<section class=\"elementor-section elementor-top-section elementor-element elementor-element-eacd43f elementor-section-height-min-height elementor-section-items-stretch elementor-section-boxed elementor-section-height-default\" data-id=\"eacd43f\" data-element_type=\"section\" data-settings=\"{&quot;background_background&quot;:&quot;classic&quot;}\">\n\t\t\t\t\t\t\t<div class=\"elementor-background-overlay\"><\/div>\n\t\t\t\t\t\t\t<div class=\"elementor-container elementor-column-gap-default\">\n\t\t\t\t\t<div class=\"elementor-column elementor-col-33 elementor-top-column elementor-element elementor-element-99ba3ea\" data-id=\"99ba3ea\" data-element_type=\"column\" data-settings=\"{&quot;background_background&quot;:&quot;classic&quot;}\">\n\t\t\t<div class=\"elementor-widget-wrap elementor-element-populated\">\n\t\t\t\t\t<div class=\"elementor-background-overlay\"><\/div>\n\t\t\t\t\t\t\t\t<div class=\"elementor-element elementor-element-a97face elementor-widget elementor-widget-text-editor\" data-id=\"a97face\" data-element_type=\"widget\" data-widget_type=\"text-editor.default\">\n\t\t\t\t<div class=\"elementor-widget-container\">\n\t\t\t<style>\/*! elementor - v3.10.0 - 09-01-2023 *\/\n.elementor-widget-text-editor.elementor-drop-cap-view-stacked .elementor-drop-cap{background-color:#818a91;color:#fff}.elementor-widget-text-editor.elementor-drop-cap-view-framed .elementor-drop-cap{color:#818a91;border:3px solid;background-color:transparent}.elementor-widget-text-editor:not(.elementor-drop-cap-view-default) .elementor-drop-cap{margin-top:8px}.elementor-widget-text-editor:not(.elementor-drop-cap-view-default) .elementor-drop-cap-letter{width:1em;height:1em}.elementor-widget-text-editor .elementor-drop-cap{float:left;text-align:center;line-height:1;font-size:50px}.elementor-widget-text-editor .elementor-drop-cap-letter{display:inline-block}<\/style>\t\t\t\t<p>Les s\u00e9ances de biblioth\u00e8ques peuvent \u00eatre assorties de conf\u00e9rences th\u00e9matiques sur tous sujets naturalistes, comme par exemple, la d\u00e9termination particuli\u00e8re de certains genres botaniques. Il peut \u00e9galement s\u2019agir de s\u00e9ances de microscopie pour se familiariser \u00e0 l\u2019utilisation du microscope et \u00e0 la d\u00e9couverte de l\u2019infiniment petit.<\/p><p>Riche de plus de 4.000 ouvrages et publications, la biblioth\u00e8que est ouverte aux membres.<br \/>Le pr\u00eat des livres est gratuit<\/p><p>Adresse : Ath\u00e9n\u00e9e Royal Ernest Solvay, Bd Emile Devreux 27, 6000 Charleroi<br \/>Permanence et heures d\u2019ouverture :\u00a0 27 janvier, 17 f\u00e9vrier et 31 mars de 18h30 \u00e0 20h.<\/p><p>Rappel : les membres ayant emprunt\u00e9 des livres depuis plus de 3 mois sont pri\u00e9s de les rapporter \u00e0 la biblioth\u00e8que.<\/p><div id=\"ConnectiveDocSignExtentionInstalled\" data-extension-version=\"1.0.4\">\u00a0<\/div>\t\t\t\t\t\t<\/div>\n\t\t\t\t<\/div>\n\t\t\t\t\t<\/div>\n\t\t<\/div>\n\t\t\t\t<div class=\"elementor-column elementor-col-33 elementor-top-column elementor-element elementor-element-0d3b700\" data-id=\"0d3b700\" data-element_type=\"column\">\n\t\t\t<div class=\"elementor-widget-wrap elementor-element-populated\">\n\t\t\t\t\t\t\t\t<section class=\"elementor-section elementor-inner-section elementor-element elementor-element-c9b0cca elementor-section-boxed elementor-section-height-default elementor-section-height-default\" data-id=\"c9b0cca\" data-element_type=\"section\">\n\t\t\t\t\t\t<div class=\"elementor-container elementor-column-gap-default\">\n\t\t\t\t\t<div class=\"elementor-column elementor-col-100 elementor-inner-column elementor-element elementor-element-a52b116\" data-id=\"a52b116\" data-element_type=\"column\">\n\t\t\t<div class=\"elementor-widget-wrap\">\n\t\t\t\t\t\t\t\t\t<\/div>\n\t\t<\/div>\n\t\t\t\t\t\t\t<\/div>\n\t\t<\/section>\n\t\t\t\t<div class=\"elementor-element elementor-element-f4680df elementor-widget elementor-widget-button\" data-id=\"f4680df\" data-element_type=\"widget\" data-widget_type=\"button.default\">\n\t\t\t\t<div class=\"elementor-widget-container\">\n\t\t\t\t\t<div class=\"elementor-button-wrapper\">\n\t\t\t<a href=\"https:\/\/www.lesnaturalistesdecharleroi.be\/Nouvelles%20acquisitions%20pour%20la%20biblioth\u00e8que.pdf\" target=\"_blank\" class=\"elementor-button-link elementor-button elementor-size-sm\" role=\"button\">\n\t\t\t\t\t\t<span class=\"elementor-button-content-wrapper\">\n\t\t\t\t\t\t<span class=\"elementor-button-text\">Nouvelles acquisitions de la biblioth\u00e8que<\/span>\n\t\t<\/span>\n\t\t\t\t\t<\/a>\n\t\t<\/div>\n\t\t\t\t<\/div>\n\t\t\t\t<\/div>\n\t\t\t\t\t<\/div>\n\t\t<\/div>\n\t\t\t\t<div class=\"elementor-column elementor-col-33 elementor-top-column elementor-element elementor-element-8467ff9\" data-id=\"8467ff9\" data-element_type=\"column\" data-settings=\"{&quot;background_background&quot;:&quot;classic&quot;}\">\n\t\t\t<div class=\"elementor-widget-wrap elementor-element-populated\">\n\t\t\t\t\t<div class=\"elementor-background-overlay\"><\/div>\n\t\t\t\t\t\t\t\t<div class=\"elementor-element elementor-element-31945aa elementor-widget elementor-widget-text-editor\" data-id=\"31945aa\" data-element_type=\"widget\" data-widget_type=\"text-editor.default\">\n\t\t\t\t<div class=\"elementor-widget-container\">\n\t\t\t\t\t\t\t<p>A titre d\u2019exemples les th\u00e8mes suivants ont \u00e9t\u00e9 abord\u00e9s :<\/p><p>Botanique\u00a0: Etude des caryophyllac\u00e9es<br \/>Bryologie\u00a0: Etude des bryophytes de Belgique<br \/>Entomologie\u00a0: Etude des lyc\u00e8nes et des hesp\u00e9ries de Belgique<br \/>Herp\u00e9tologie\u00a0: Le monde des batraciens et des serpents<br \/>M\u00e9t\u00e9orologie\u00a0: introduction sur les nuages<br \/>Microscopie\u00a0: dans quels domaines peut-on faire des observations, la microscopie pour un naturaliste curieux<br \/>Nature\u00a0: Naturalisme et chasse<\/p><div id=\"ConnectiveDocSignExtentionInstalled\" data-extension-version=\"1.0.4\">\u00a0<\/div>\t\t\t\t\t\t<\/div>\n\t\t\t\t<\/div>\n\t\t\t\t\t<\/div>\n\t\t<\/div>\n\t\t\t\t\t\t\t<\/div>\n\t\t<\/section>\n\t\t\t\t\t\t\t<\/div>\n\t\t","protected":false},"excerpt":{"rendered":"<p>Les s\u00e9ances de biblioth\u00e8ques peuvent \u00eatre assorties de conf\u00e9rences th\u00e9matiques sur tous sujets naturalistes, comme par exemple, la d\u00e9termination particuli\u00e8re de certains genres botaniques. Il peut \u00e9galement s\u2019agir de s\u00e9ances de microscopie pour se familiariser \u00e0 l\u2019utilisation du microscope et \u00e0 la d\u00e9couverte de l\u2019infiniment petit. Riche de plus de 4.000 ouvrages et publications, la &hellip;<\/p>\n<p class=\"read-more\"> <a class=\"\" href=\"https:\/\/lesnaturalistesdecharleroi.be\/index.php\/activites\/bibliotheque-conferences-et-activites-thematiques\/\"> <span class=\"screen-reader-text\">Biblioth\u00e8que, conf\u00e9rences et activit\u00e9s th\u00e9matiques<\/span> Lire la suite\u00a0\u00bb<\/a><\/p>\n","protected":false},"author":2,"featured_media":0,"parent":447,"menu_order":0,"comment_status":"closed","ping_status":"closed","template":"","meta":{"site-sidebar-layout":"no-sidebar","site-content-layout":"page-builder","ast-global-header-display":"","ast-main-header-display":"","ast-hfb-above-header-display":"","ast-hfb-below-header-display":"","ast-hfb-mobile-header-display":"","site-post-title":"disabled","ast-breadcrumbs-content":"","ast-featured-img":"disabled","footer-sml-layout":"","theme-transparent-header-meta":"","adv-header-id-meta":"","stick-header-meta":"","header-above-stick-meta":"","header-main-stick-meta":"","header-below-stick-meta":"","footnotes":""},"_links":{"self":[{"href":"https:\/\/lesnaturalistesdecharleroi.be\/index.php\/wp-json\/wp\/v2\/pages\/569"}],"collection":[{"href":"https:\/\/lesnaturalistesdecharleroi.be\/index.php\/wp-json\/wp\/v2\/pages"}],"about":[{"href":"https:\/\/lesnaturalistesdecharleroi.be\/index.php\/wp-json\/wp\/v2\/types\/page"}],"author":[{"embeddable":true,"href":"https:\/\/lesnaturalistesdecharleroi.be\/index.php\/wp-json\/wp\/v2\/users\/2"}],"replies":[{"embeddable":true,"href":"https:\/\/lesnaturalistesdecharleroi.be\/index.php\/wp-json\/wp\/v2\/comments?post=569"}],"version-history":[{"count":49,"href":"https:\/\/lesnaturalistesdecharleroi.be\/index.php\/wp-json\/wp\/v2\/pages\/569\/revisions"}],"predecessor-version":[{"id":1324,"href":"https:\/\/lesnaturalistesdecharleroi.be\/index.php\/wp-json\/wp\/v2\/pages\/569\/revisions\/1324"}],"up":[{"embeddable":true,"href":"https:\/\/lesnaturalistesdecharleroi.be\/index.php\/wp-json\/wp\/v2\/pages\/447"}],"wp:attachment":[{"href":"https:\/\/lesnaturalistesdecharleroi.be\/index.php\/wp-json\/wp\/v2\/media?parent=569"}],"curies":[{"name":"wp","href":"https:\/\/api.w.org\/{rel}","templated":true}]}}