{"id":275,"date":"2021-12-25T14:23:52","date_gmt":"2021-12-25T13:23:52","guid":{"rendered":"http:\/\/lesnatc.cluster031.hosting.ovh.net\/?page_id=275"},"modified":"2022-06-04T07:14:50","modified_gmt":"2022-06-04T05:14:50","slug":"liens","status":"publish","type":"page","link":"https:\/\/lesnaturalistesdecharleroi.be\/index.php\/liens\/","title":{"rendered":"Liens"},"content":{"rendered":"\t\t<div data-elementor-type=\"wp-page\" data-elementor-id=\"275\" class=\"elementor elementor-275\">\n\t\t\t\t\t\t\t\t\t<section class=\"elementor-section elementor-top-section elementor-element elementor-element-9090050 elementor-section-full_width elementor-section-height-min-height elementor-section-height-default elementor-section-items-middle\" data-id=\"9090050\" data-element_type=\"section\" data-settings=\"{&quot;background_background&quot;:&quot;classic&quot;}\">\n\t\t\t\t\t\t\t<div class=\"elementor-background-overlay\"><\/div>\n\t\t\t\t\t\t\t<div class=\"elementor-container elementor-column-gap-default\">\n\t\t\t\t\t<div class=\"elementor-column elementor-col-100 elementor-top-column elementor-element elementor-element-b6da7f1\" data-id=\"b6da7f1\" data-element_type=\"column\" data-settings=\"{&quot;background_background&quot;:&quot;gradient&quot;}\">\n\t\t\t<div class=\"elementor-widget-wrap elementor-element-populated\">\n\t\t\t\t\t<div class=\"elementor-background-overlay\"><\/div>\n\t\t\t\t\t\t\t\t<div class=\"elementor-element elementor-element-4b81213 elementor-widget elementor-widget-heading\" data-id=\"4b81213\" data-element_type=\"widget\" data-widget_type=\"heading.default\">\n\t\t\t\t<div class=\"elementor-widget-container\">\n\t\t\t<style>\/*! elementor - v3.10.0 - 09-01-2023 *\/\n.elementor-heading-title{padding:0;margin:0;line-height:1}.elementor-widget-heading .elementor-heading-title[class*=elementor-size-]>a{color:inherit;font-size:inherit;line-height:inherit}.elementor-widget-heading .elementor-heading-title.elementor-size-small{font-size:15px}.elementor-widget-heading .elementor-heading-title.elementor-size-medium{font-size:19px}.elementor-widget-heading .elementor-heading-title.elementor-size-large{font-size:29px}.elementor-widget-heading .elementor-heading-title.elementor-size-xl{font-size:39px}.elementor-widget-heading .elementor-heading-title.elementor-size-xxl{font-size:59px}<\/style><h2 class=\"elementor-heading-title elementor-size-default\">Liens utiles<\/h2>\t\t<\/div>\n\t\t\t\t<\/div>\n\t\t\t\t<div class=\"elementor-element elementor-element-817d1dc elementor-widget elementor-widget-text-editor\" data-id=\"817d1dc\" data-element_type=\"widget\" data-widget_type=\"text-editor.default\">\n\t\t\t\t<div class=\"elementor-widget-container\">\n\t\t\t<style>\/*! elementor - v3.10.0 - 09-01-2023 *\/\n.elementor-widget-text-editor.elementor-drop-cap-view-stacked .elementor-drop-cap{background-color:#818a91;color:#fff}.elementor-widget-text-editor.elementor-drop-cap-view-framed .elementor-drop-cap{color:#818a91;border:3px solid;background-color:transparent}.elementor-widget-text-editor:not(.elementor-drop-cap-view-default) .elementor-drop-cap{margin-top:8px}.elementor-widget-text-editor:not(.elementor-drop-cap-view-default) .elementor-drop-cap-letter{width:1em;height:1em}.elementor-widget-text-editor .elementor-drop-cap{float:left;text-align:center;line-height:1;font-size:50px}.elementor-widget-text-editor .elementor-drop-cap-letter{display:inline-block}<\/style>\t\t\t\t<p><a href=\"https:\/\/sites.google.com\/prod\/view\/aef-flor\" target=\"_blank\" rel=\"noopener\">A.E.F.<\/a><\/p><p><a href=\"https:\/\/www.naturalistesdelahautelesse.be\/\" target=\"_blank\" rel=\"noopener\">Les Naturalistes de la Hautes-Lesse<\/a><\/p><p><a href=\"https:\/\/www.natagora.be\/\" target=\"_blank\" rel=\"noopener\">Natagora<\/a><\/p><p><a href=\"https:\/\/entresambreetmeuse.natagora.be\/\" target=\"_blank\" rel=\"noopener\">R\u00e9gionale Natagora de l\u2019entre-Sambre-et-Meuse<\/a><\/p><p><a href=\"https:\/\/cercles-naturalistes.be\/\" target=\"_blank\" rel=\"noopener\">Cercle des Naturalistes de Belgique (CNB)<\/a><\/p><p><a href=\"http:\/\/www.amfb.eu\/\" target=\"_blank\" rel=\"noopener\">Association des Mycologues Francophones de Belgique<\/a><\/p><p><a href=\"https:\/\/www.nowellia.be\/#\" target=\"_blank\" rel=\"noopener\">Fondation bryologique Philippe De Zuttere<\/a><\/p><p><a href=\"http:\/\/biodiversite.wallonie.be\/fr\/accueil.html?IDC=6\" target=\"_blank\" rel=\"noopener\">Portail de la biodiversit\u00e9 Wallonie<\/a><\/p><p><a href=\"https:\/\/www.parcsnaturelsdewallonie.be\/\" target=\"_blank\" rel=\"noopener\">F\u00e9d\u00e9ration des Parcs Naturels de Wallonie<\/a><\/p><p><a href=\"https:\/\/neptun.unamur.be\/s\/neptun\/item-set\/9974\" target=\"_blank\" rel=\"noopener\">Liens vers Natura Mosana<\/a><\/p><p><a href=\"https:\/\/www.meteo.be\/fr\/belgique\" target=\"_blank\" rel=\"noopener\">Institut Royal M\u00e9t\u00e9orologique de Belgique<\/a><\/p><p><a href=\"http:\/\/www.sbco.fr\/\" target=\"_blank\" rel=\"noopener\">Soci\u00e9t\u00e9 Botanique du Centre Ouest (France)<\/a><\/p><div id=\"ConnectiveDocSignExtentionInstalled\" data-extension-version=\"1.0.4\">\u00a0<\/div>\t\t\t\t\t\t<\/div>\n\t\t\t\t<\/div>\n\t\t\t\t\t<\/div>\n\t\t<\/div>\n\t\t\t\t\t\t\t<\/div>\n\t\t<\/section>\n\t\t\t\t\t\t\t<\/div>\n\t\t","protected":false},"excerpt":{"rendered":"<p>Liens utiles A.E.F. Les Naturalistes de la Hautes-Lesse Natagora R\u00e9gionale Natagora de l\u2019entre-Sambre-et-Meuse Cercle des Naturalistes de Belgique (CNB) Association des Mycologues Francophones de Belgique Fondation bryologique Philippe De Zuttere Portail de la biodiversit\u00e9 Wallonie F\u00e9d\u00e9ration des Parcs Naturels de Wallonie Liens vers Natura Mosana Institut Royal M\u00e9t\u00e9orologique de Belgique Soci\u00e9t\u00e9 Botanique du Centre Ouest &hellip;<\/p>\n<p class=\"read-more\"> <a class=\"\" href=\"https:\/\/lesnaturalistesdecharleroi.be\/index.php\/liens\/\"> <span class=\"screen-reader-text\">Liens<\/span> Lire la suite\u00a0\u00bb<\/a><\/p>\n","protected":false},"author":2,"featured_media":0,"parent":0,"menu_order":0,"comment_status":"closed","ping_status":"closed","template":"","meta":{"site-sidebar-layout":"no-sidebar","site-content-layout":"page-builder","ast-global-header-display":"","ast-main-header-display":"","ast-hfb-above-header-display":"","ast-hfb-below-header-display":"","ast-hfb-mobile-header-display":"","site-post-title":"disabled","ast-breadcrumbs-content":"","ast-featured-img":"","footer-sml-layout":"","theme-transparent-header-meta":"","adv-header-id-meta":"","stick-header-meta":"","header-above-stick-meta":"","header-main-stick-meta":"","header-below-stick-meta":"","footnotes":""},"_links":{"self":[{"href":"https:\/\/lesnaturalistesdecharleroi.be\/index.php\/wp-json\/wp\/v2\/pages\/275"}],"collection":[{"href":"https:\/\/lesnaturalistesdecharleroi.be\/index.php\/wp-json\/wp\/v2\/pages"}],"about":[{"href":"https:\/\/lesnaturalistesdecharleroi.be\/index.php\/wp-json\/wp\/v2\/types\/page"}],"author":[{"embeddable":true,"href":"https:\/\/lesnaturalistesdecharleroi.be\/index.php\/wp-json\/wp\/v2\/users\/2"}],"replies":[{"embeddable":true,"href":"https:\/\/lesnaturalistesdecharleroi.be\/index.php\/wp-json\/wp\/v2\/comments?post=275"}],"version-history":[{"count":41,"href":"https:\/\/lesnaturalistesdecharleroi.be\/index.php\/wp-json\/wp\/v2\/pages\/275\/revisions"}],"predecessor-version":[{"id":916,"href":"https:\/\/lesnaturalistesdecharleroi.be\/index.php\/wp-json\/wp\/v2\/pages\/275\/revisions\/916"}],"wp:attachment":[{"href":"https:\/\/lesnaturalistesdecharleroi.be\/index.php\/wp-json\/wp\/v2\/media?parent=275"}],"curies":[{"name":"wp","href":"https:\/\/api.w.org\/{rel}","templated":true}]}}