{"id":330,"date":"2021-12-25T17:21:13","date_gmt":"2021-12-25T16:21:13","guid":{"rendered":"http:\/\/lesnatc.cluster031.hosting.ovh.net\/?page_id=330"},"modified":"2023-01-16T06:12:47","modified_gmt":"2023-01-16T05:12:47","slug":"publications","status":"publish","type":"page","link":"http:\/\/lesnaturalistesdecharleroi.be\/index.php\/publications\/","title":{"rendered":"Publications"},"content":{"rendered":"\t\t<div data-elementor-type=\"wp-page\" data-elementor-id=\"330\" class=\"elementor elementor-330\">\n\t\t\t\t\t\t\t\t\t<section class=\"elementor-section elementor-top-section elementor-element elementor-element-c63a712 elementor-section-height-min-height elementor-section-items-top elementor-section-boxed elementor-section-height-default\" data-id=\"c63a712\" data-element_type=\"section\" data-settings=\"{&quot;background_background&quot;:&quot;classic&quot;}\">\n\t\t\t\t\t\t\t<div class=\"elementor-background-overlay\"><\/div>\n\t\t\t\t\t\t\t<div class=\"elementor-container elementor-column-gap-default\">\n\t\t\t\t\t<div class=\"elementor-column elementor-col-33 elementor-top-column elementor-element elementor-element-7a07f52\" data-id=\"7a07f52\" data-element_type=\"column\" data-settings=\"{&quot;background_background&quot;:&quot;classic&quot;}\">\n\t\t\t<div class=\"elementor-widget-wrap elementor-element-populated\">\n\t\t\t\t\t<div class=\"elementor-background-overlay\"><\/div>\n\t\t\t\t\t\t\t\t<div class=\"elementor-element elementor-element-90f7d1a elementor-widget elementor-widget-heading\" data-id=\"90f7d1a\" data-element_type=\"widget\" data-widget_type=\"heading.default\">\n\t\t\t\t<div class=\"elementor-widget-container\">\n\t\t\t<style>\/*! elementor - v3.10.0 - 09-01-2023 *\/\n.elementor-heading-title{padding:0;margin:0;line-height:1}.elementor-widget-heading .elementor-heading-title[class*=elementor-size-]>a{color:inherit;font-size:inherit;line-height:inherit}.elementor-widget-heading .elementor-heading-title.elementor-size-small{font-size:15px}.elementor-widget-heading .elementor-heading-title.elementor-size-medium{font-size:19px}.elementor-widget-heading .elementor-heading-title.elementor-size-large{font-size:29px}.elementor-widget-heading .elementor-heading-title.elementor-size-xl{font-size:39px}.elementor-widget-heading .elementor-heading-title.elementor-size-xxl{font-size:59px}<\/style><h1 class=\"elementor-heading-title elementor-size-default\">Les bulletins<\/h1>\t\t<\/div>\n\t\t\t\t<\/div>\n\t\t\t\t<div class=\"elementor-element elementor-element-8c8c9b3 elementor-widget elementor-widget-text-editor\" data-id=\"8c8c9b3\" data-element_type=\"widget\" data-widget_type=\"text-editor.default\">\n\t\t\t\t<div class=\"elementor-widget-container\">\n\t\t\t<style>\/*! elementor - v3.10.0 - 09-01-2023 *\/\n.elementor-widget-text-editor.elementor-drop-cap-view-stacked .elementor-drop-cap{background-color:#818a91;color:#fff}.elementor-widget-text-editor.elementor-drop-cap-view-framed .elementor-drop-cap{color:#818a91;border:3px solid;background-color:transparent}.elementor-widget-text-editor:not(.elementor-drop-cap-view-default) .elementor-drop-cap{margin-top:8px}.elementor-widget-text-editor:not(.elementor-drop-cap-view-default) .elementor-drop-cap-letter{width:1em;height:1em}.elementor-widget-text-editor .elementor-drop-cap{float:left;text-align:center;line-height:1;font-size:50px}.elementor-widget-text-editor .elementor-drop-cap-letter{display:inline-block}<\/style>\t\t\t\t<p>La soci\u00e9t\u00e9 publie un bulletin trimestriel qui informe\u00a0:<br \/>&#8211; du programme des activit\u00e9s \u00e0 venir\u00a0;<br \/>&#8211; des comptes-rendus des activit\u00e9s \u00e9coul\u00e9es\u00a0;<br \/>&#8211; des nouvelles acquisitions de la biblioth\u00e8que\u00a0;<br \/>&#8211; de la vie associative.<\/p><p>La revue est exp\u00e9di\u00e9e par voie postale aux membres en ordre de cotisation au d\u00e9but des mois de janvier, avril, juillet et octobre. Les membres qui le souhaitent peuvent \u00e9galement recevoir le bulletin par voie \u00e9lectronique.<\/p><div id=\"ConnectiveDocSignExtentionInstalled\" data-extension-version=\"1.0.4\">\u00a0<\/div>\t\t\t\t\t\t<\/div>\n\t\t\t\t<\/div>\n\t\t\t\t\t<\/div>\n\t\t<\/div>\n\t\t\t\t<div class=\"elementor-column elementor-col-33 elementor-top-column elementor-element elementor-element-5a3aeae\" data-id=\"5a3aeae\" data-element_type=\"column\">\n\t\t\t<div class=\"elementor-widget-wrap elementor-element-populated\">\n\t\t\t\t\t\t\t\t<div class=\"elementor-element elementor-element-95137aa elementor-align-center elementor-widget elementor-widget-button\" data-id=\"95137aa\" data-element_type=\"widget\" data-widget_type=\"button.default\">\n\t\t\t\t<div class=\"elementor-widget-container\">\n\t\t\t\t\t<div class=\"elementor-button-wrapper\">\n\t\t\t<a href=\"http:\/\/www.lesnaturalistesdecharleroi.be\/A_Publications\/Bulletins%20trimestriels.pdf\" target=\"_blank\" class=\"elementor-button-link elementor-button elementor-size-sm\" role=\"button\">\n\t\t\t\t\t\t<span class=\"elementor-button-content-wrapper\">\n\t\t\t\t\t\t<span class=\"elementor-button-text\">T\u00e9l\u00e9charger un bulletin<\/span>\n\t\t<\/span>\n\t\t\t\t\t<\/a>\n\t\t<\/div>\n\t\t\t\t<\/div>\n\t\t\t\t<\/div>\n\t\t\t\t<div class=\"elementor-element elementor-element-6768320 elementor-widget elementor-widget-button\" data-id=\"6768320\" data-element_type=\"widget\" data-widget_type=\"button.default\">\n\t\t\t\t<div class=\"elementor-widget-container\">\n\t\t\t\t\t<div class=\"elementor-button-wrapper\">\n\t\t\t<a href=\"http:\/\/www.lesnaturalistesdecharleroi.be\/A_Publications\/Tableau_des_activites.pdf\" target=\"_blank\" class=\"elementor-button-link elementor-button elementor-size-sm\" role=\"button\">\n\t\t\t\t\t\t<span class=\"elementor-button-content-wrapper\">\n\t\t\t\t\t\t<span class=\"elementor-button-text\">T\u00e9l\u00e9charger l'inventaire des activit\u00e9s de terrain<\/span>\n\t\t<\/span>\n\t\t\t\t\t<\/a>\n\t\t<\/div>\n\t\t\t\t<\/div>\n\t\t\t\t<\/div>\n\t\t\t\t<div class=\"elementor-element elementor-element-8bc5e18 elementor-align-center elementor-widget elementor-widget-button\" data-id=\"8bc5e18\" data-element_type=\"widget\" data-widget_type=\"button.default\">\n\t\t\t\t<div class=\"elementor-widget-container\">\n\t\t\t\t\t<div class=\"elementor-button-wrapper\">\n\t\t\t<a href=\"http:\/\/www.lesnaturalistesdecharleroi.be\/A_Publications\/Travaux_des_membres.pdf\" target=\"_blank\" class=\"elementor-button-link elementor-button elementor-size-sm\" role=\"button\">\n\t\t\t\t\t\t<span class=\"elementor-button-content-wrapper\">\n\t\t\t\t\t\t<span class=\"elementor-button-text\">T\u00e9l\u00e9charger une publication<\/span>\n\t\t<\/span>\n\t\t\t\t\t<\/a>\n\t\t<\/div>\n\t\t\t\t<\/div>\n\t\t\t\t<\/div>\n\t\t\t\t\t<\/div>\n\t\t<\/div>\n\t\t\t\t<div class=\"elementor-column elementor-col-33 elementor-top-column elementor-element elementor-element-30b9565\" data-id=\"30b9565\" data-element_type=\"column\" data-settings=\"{&quot;background_background&quot;:&quot;classic&quot;}\">\n\t\t\t<div class=\"elementor-widget-wrap elementor-element-populated\">\n\t\t\t\t\t<div class=\"elementor-background-overlay\"><\/div>\n\t\t\t\t\t\t\t\t<div class=\"elementor-element elementor-element-ef64774 elementor-widget elementor-widget-heading\" data-id=\"ef64774\" data-element_type=\"widget\" data-widget_type=\"heading.default\">\n\t\t\t\t<div class=\"elementor-widget-container\">\n\t\t\t<h1 class=\"elementor-heading-title elementor-size-default\">Les publications<\/h1>\t\t<\/div>\n\t\t\t\t<\/div>\n\t\t\t\t<div class=\"elementor-element elementor-element-d4d304b elementor-widget elementor-widget-text-editor\" data-id=\"d4d304b\" data-element_type=\"widget\" data-widget_type=\"text-editor.default\">\n\t\t\t\t<div class=\"elementor-widget-container\">\n\t\t\t\t\t\t\t<p>L\u2019espace \u00ab\u00a0Publications\u00a0\u00bb concerne aussi bien les publications de la soci\u00e9t\u00e9 comme ses bulletins trimestriels mais \u00e9galement, avec leur souhait et accord, des travaux r\u00e9alis\u00e9s par des membres. Cet espace est \u00e9volutif et destin\u00e9 \u00e0 \u00eatre compl\u00e9t\u00e9 au fur et \u00e0 mesure.<\/p><p>La documentation est accessible par th\u00e9matique.<\/p><p>Des listes chronologiques d\u2019observations \u00e9tablies lors d\u2019activit\u00e9s de la soci\u00e9t\u00e9 compl\u00e8tent la documentation.<\/p><div id=\"ConnectiveDocSignExtentionInstalled\" data-extension-version=\"1.0.4\">\u00a0<\/div>\t\t\t\t\t\t<\/div>\n\t\t\t\t<\/div>\n\t\t\t\t\t<\/div>\n\t\t<\/div>\n\t\t\t\t\t\t\t<\/div>\n\t\t<\/section>\n\t\t\t\t\t\t\t<\/div>\n\t\t","protected":false},"excerpt":{"rendered":"<p>Les bulletins La soci\u00e9t\u00e9 publie un bulletin trimestriel qui informe\u00a0:&#8211; du programme des activit\u00e9s \u00e0 venir\u00a0;&#8211; des comptes-rendus des activit\u00e9s \u00e9coul\u00e9es\u00a0;&#8211; des nouvelles acquisitions de la biblioth\u00e8que\u00a0;&#8211; de la vie associative. La revue est exp\u00e9di\u00e9e par voie postale aux membres en ordre de cotisation au d\u00e9but des mois de janvier, avril, juillet et octobre. Les &hellip;<\/p>\n<p class=\"read-more\"> <a class=\"\" href=\"http:\/\/lesnaturalistesdecharleroi.be\/index.php\/publications\/\"> <span class=\"screen-reader-text\">Publications<\/span> Lire la suite\u00a0\u00bb<\/a><\/p>\n","protected":false},"author":2,"featured_media":0,"parent":0,"menu_order":0,"comment_status":"closed","ping_status":"closed","template":"","meta":{"site-sidebar-layout":"no-sidebar","site-content-layout":"page-builder","ast-global-header-display":"","ast-main-header-display":"","ast-hfb-above-header-display":"","ast-hfb-below-header-display":"","ast-hfb-mobile-header-display":"","site-post-title":"disabled","ast-breadcrumbs-content":"","ast-featured-img":"","footer-sml-layout":"","theme-transparent-header-meta":"","adv-header-id-meta":"","stick-header-meta":"","header-above-stick-meta":"","header-main-stick-meta":"","header-below-stick-meta":"","footnotes":""},"_links":{"self":[{"href":"http:\/\/lesnaturalistesdecharleroi.be\/index.php\/wp-json\/wp\/v2\/pages\/330"}],"collection":[{"href":"http:\/\/lesnaturalistesdecharleroi.be\/index.php\/wp-json\/wp\/v2\/pages"}],"about":[{"href":"http:\/\/lesnaturalistesdecharleroi.be\/index.php\/wp-json\/wp\/v2\/types\/page"}],"author":[{"embeddable":true,"href":"http:\/\/lesnaturalistesdecharleroi.be\/index.php\/wp-json\/wp\/v2\/users\/2"}],"replies":[{"embeddable":true,"href":"http:\/\/lesnaturalistesdecharleroi.be\/index.php\/wp-json\/wp\/v2\/comments?post=330"}],"version-history":[{"count":116,"href":"http:\/\/lesnaturalistesdecharleroi.be\/index.php\/wp-json\/wp\/v2\/pages\/330\/revisions"}],"predecessor-version":[{"id":1381,"href":"http:\/\/lesnaturalistesdecharleroi.be\/index.php\/wp-json\/wp\/v2\/pages\/330\/revisions\/1381"}],"wp:attachment":[{"href":"http:\/\/lesnaturalistesdecharleroi.be\/index.php\/wp-json\/wp\/v2\/media?parent=330"}],"curies":[{"name":"wp","href":"https:\/\/api.w.org\/{rel}","templated":true}]}}